{"id":1198,"date":"2024-12-16T18:39:39","date_gmt":"2024-12-16T17:39:39","guid":{"rendered":"https:\/\/www.finportalcorporatecenter.sk\/?page_id=1198"},"modified":"2025-03-29T08:44:21","modified_gmt":"2025-03-29T07:44:21","slug":"blog","status":"publish","type":"page","link":"https:\/\/www.finportalcorporatecenter.sk\/?page_id=1198","title":{"rendered":"Blog"},"content":{"rendered":"\t\t<div data-elementor-type=\"wp-page\" data-elementor-id=\"1198\" class=\"elementor elementor-1198\" data-elementor-post-type=\"page\">\n\t\t\t\t<div class=\"elementor-element elementor-element-a690508 e-flex e-con-boxed e-con e-parent\" data-id=\"a690508\" data-element_type=\"container\">\n\t\t\t\t\t<div class=\"e-con-inner\">\n\t\t<div class=\"elementor-element elementor-element-9750d91 e-con-full e-flex e-con e-child\" data-id=\"9750d91\" data-element_type=\"container\">\n\t\t\t\t<div class=\"elementor-element elementor-element-90ac944 elementor-widget__width-auto underlineh2 elementor-widget elementor-widget-heading\" data-id=\"90ac944\" data-element_type=\"widget\" data-widget_type=\"heading.default\">\n\t\t\t\t<div class=\"elementor-widget-container\">\n\t\t\t<h2 class=\"elementor-heading-title elementor-size-default\">Nap\u00edsali o n\u00e1s\u200b<\/h2>\t\t<\/div>\n\t\t\t\t<\/div>\n\t\t\t\t<\/div>\n\t\t<div class=\"elementor-element elementor-element-c54013c e-con-full e-flex e-con e-child\" data-id=\"c54013c\" data-element_type=\"container\">\n\t\t\t\t<div class=\"elementor-element elementor-element-0339844 custom-post elementor-widget elementor-widget-html\" data-id=\"0339844\" data-element_type=\"widget\" data-widget_type=\"html.default\">\n\t\t\t\t<div class=\"elementor-widget-container\">\n\t\t\t<div class=\"custom-post\">\r\n    <div class=\"post-meta\">\r\n        <span class=\"post-date\">25.5. 2021<\/span> \/ \r\n        <span class=\"post-source\">TREND.sk<\/span>\r\n    <\/div>\r\n    <a href=\"https:\/\/www.trend.sk\/spravy\/pandemia-zmenila-pohlad-zamestnanecke-benefity\" class=\"post-title-link\">\r\n        <h2 class=\"post-title\">Pand\u00e9mia zmenila poh\u013ead na zamestnaneck\u00e9 benefity.<br> K\u013e\u00fa\u010dov\u00fdm sa st\u00e1va finan\u010dn\u00e9 zdravie.?<\/h2>\r\n    <\/a>\r\n<\/div>\r\n\t\t<\/div>\n\t\t\t\t<\/div>\n\t\t\t\t<\/div>\n\t\t<div class=\"elementor-element elementor-element-992bb30 e-con-full e-flex e-con e-child\" data-id=\"992bb30\" data-element_type=\"container\">\n\t\t\t\t<div class=\"elementor-element elementor-element-91afc8a custom-post elementor-widget elementor-widget-html\" data-id=\"91afc8a\" data-element_type=\"widget\" data-widget_type=\"html.default\">\n\t\t\t\t<div class=\"elementor-widget-container\">\n\t\t\t<div class=\"custom-post\">\r\n    <div class=\"post-meta\">\r\n        <span class=\"post-date\">10. 10. 2022<\/span> \/ \r\n        <span class=\"post-source\">FORBES.sk<\/span>\r\n    <\/div>\r\n    <a href=\"https:\/\/www.forbes.sk\/ako-si-udrzat-klucovych-zamestnancov\/\" class=\"post-title-link\">\r\n        <h2 class=\"post-title\">Ako si udr\u017ea\u0165 k\u013e\u00fa\u010dov\u00fdch zamestnancov?<\/h2>\r\n    <\/a>\r\n<\/div>\r\n\t\t<\/div>\n\t\t\t\t<\/div>\n\t\t\t\t<\/div>\n\t\t\t\t\t<\/div>\n\t\t\t\t<\/div>\n\t\t\t\t<\/div>\n\t\t","protected":false},"excerpt":{"rendered":"<p>Nap\u00edsali o n\u00e1s\u200b 25.5. 2021 \/ TREND.sk Pand\u00e9mia zmenila poh\u013ead na zamestnaneck\u00e9 benefity. K\u013e\u00fa\u010dov\u00fdm sa st\u00e1va finan\u010dn\u00e9 zdravie.? 10. 10. 2022 \/ FORBES.sk Ako si udr\u017ea\u0165 k\u013e\u00fa\u010dov\u00fdch zamestnancov?<\/p>\n","protected":false},"author":1,"featured_media":0,"parent":0,"menu_order":0,"comment_status":"closed","ping_status":"closed","template":"","meta":{"_monsterinsights_skip_tracking":false,"_monsterinsights_sitenote_active":false,"_monsterinsights_sitenote_note":"","_monsterinsights_sitenote_category":0,"_ti_tpc_template_sync":false,"_ti_tpc_template_id":"","footnotes":""},"class_list":["post-1198","page","type-page","status-publish","hentry"],"yoast_head":"<!-- This site is optimized with the Yoast SEO plugin v23.9 - https:\/\/yoast.com\/wordpress\/plugins\/seo\/ -->\n<title>Blog - Finportal Corporate Center<\/title>\n<meta name=\"robots\" content=\"noindex, follow, max-snippet:-1, max-image-preview:large, max-video-preview:-1\" \/>\n<meta property=\"og:locale\" content=\"sk_SK\" \/>\n<meta property=\"og:type\" content=\"article\" \/>\n<meta property=\"og:title\" content=\"Blog - Finportal Corporate Center\" \/>\n<meta property=\"og:description\" content=\"Nap\u00edsali o n\u00e1s\u200b 25.5. 2021 \/ TREND.sk Pand\u00e9mia zmenila poh\u013ead na zamestnaneck\u00e9 benefity. K\u013e\u00fa\u010dov\u00fdm sa st\u00e1va finan\u010dn\u00e9 zdravie.? 10. 10. 2022 \/ FORBES.sk Ako si udr\u017ea\u0165 k\u013e\u00fa\u010dov\u00fdch zamestnancov?\" \/>\n<meta property=\"og:url\" content=\"https:\/\/www.finportalcorporatecenter.sk\/?page_id=1198\" \/>\n<meta property=\"og:site_name\" content=\"Finportal Corporate Center\" \/>\n<meta property=\"article:modified_time\" content=\"2025-03-29T07:44:21+00:00\" \/>\n<meta name=\"twitter:card\" content=\"summary_large_image\" \/>\n<meta name=\"twitter:label1\" content=\"Predpokladan\u00fd \u010das \u010d\u00edtania\" \/>\n\t<meta name=\"twitter:data1\" content=\"1 min\u00fata\" \/>\n<script type=\"application\/ld+json\" class=\"yoast-schema-graph\">{\"@context\":\"https:\/\/schema.org\",\"@graph\":[{\"@type\":\"WebPage\",\"@id\":\"https:\/\/www.finportalcorporatecenter.sk\/?page_id=1198\",\"url\":\"https:\/\/www.finportalcorporatecenter.sk\/?page_id=1198\",\"name\":\"Blog - Finportal Corporate Center\",\"isPartOf\":{\"@id\":\"https:\/\/www.finportalcorporatecenter.sk\/#website\"},\"datePublished\":\"2024-12-16T17:39:39+00:00\",\"dateModified\":\"2025-03-29T07:44:21+00:00\",\"breadcrumb\":{\"@id\":\"https:\/\/www.finportalcorporatecenter.sk\/?page_id=1198#breadcrumb\"},\"inLanguage\":\"sk-SK\",\"potentialAction\":[{\"@type\":\"ReadAction\",\"target\":[\"https:\/\/www.finportalcorporatecenter.sk\/?page_id=1198\"]}]},{\"@type\":\"BreadcrumbList\",\"@id\":\"https:\/\/www.finportalcorporatecenter.sk\/?page_id=1198#breadcrumb\",\"itemListElement\":[{\"@type\":\"ListItem\",\"position\":1,\"name\":\"Home\",\"item\":\"https:\/\/www.finportalcorporatecenter.sk\/\"},{\"@type\":\"ListItem\",\"position\":2,\"name\":\"Blog\"}]},{\"@type\":\"WebSite\",\"@id\":\"https:\/\/www.finportalcorporatecenter.sk\/#website\",\"url\":\"https:\/\/www.finportalcorporatecenter.sk\/\",\"name\":\"Finportal Corporate Center\",\"description\":\"\",\"publisher\":{\"@id\":\"https:\/\/www.finportalcorporatecenter.sk\/#organization\"},\"potentialAction\":[{\"@type\":\"SearchAction\",\"target\":{\"@type\":\"EntryPoint\",\"urlTemplate\":\"https:\/\/www.finportalcorporatecenter.sk\/?s={search_term_string}\"},\"query-input\":{\"@type\":\"PropertyValueSpecification\",\"valueRequired\":true,\"valueName\":\"search_term_string\"}}],\"inLanguage\":\"sk-SK\"},{\"@type\":\"Organization\",\"@id\":\"https:\/\/www.finportalcorporatecenter.sk\/#organization\",\"name\":\"Finportal Corporate Center\",\"url\":\"https:\/\/www.finportalcorporatecenter.sk\/\",\"logo\":{\"@type\":\"ImageObject\",\"inLanguage\":\"sk-SK\",\"@id\":\"https:\/\/www.finportalcorporatecenter.sk\/#\/schema\/logo\/image\/\",\"url\":\"https:\/\/www.finportalcorporatecenter.sk\/wp-content\/uploads\/2024\/12\/Logo.png\",\"contentUrl\":\"https:\/\/www.finportalcorporatecenter.sk\/wp-content\/uploads\/2024\/12\/Logo.png\",\"width\":614,\"height\":189,\"caption\":\"Finportal Corporate Center\"},\"image\":{\"@id\":\"https:\/\/www.finportalcorporatecenter.sk\/#\/schema\/logo\/image\/\"}}]}<\/script>\n<!-- \/ Yoast SEO plugin. -->","yoast_head_json":{"title":"Blog - Finportal Corporate Center","robots":{"index":"noindex","follow":"follow","max-snippet":"max-snippet:-1","max-image-preview":"max-image-preview:large","max-video-preview":"max-video-preview:-1"},"og_locale":"sk_SK","og_type":"article","og_title":"Blog - Finportal Corporate Center","og_description":"Nap\u00edsali o n\u00e1s\u200b 25.5. 2021 \/ TREND.sk Pand\u00e9mia zmenila poh\u013ead na zamestnaneck\u00e9 benefity. K\u013e\u00fa\u010dov\u00fdm sa st\u00e1va finan\u010dn\u00e9 zdravie.? 10. 10. 2022 \/ FORBES.sk Ako si udr\u017ea\u0165 k\u013e\u00fa\u010dov\u00fdch zamestnancov?","og_url":"https:\/\/www.finportalcorporatecenter.sk\/?page_id=1198","og_site_name":"Finportal Corporate Center","article_modified_time":"2025-03-29T07:44:21+00:00","twitter_card":"summary_large_image","twitter_misc":{"Predpokladan\u00fd \u010das \u010d\u00edtania":"1 min\u00fata"},"schema":{"@context":"https:\/\/schema.org","@graph":[{"@type":"WebPage","@id":"https:\/\/www.finportalcorporatecenter.sk\/?page_id=1198","url":"https:\/\/www.finportalcorporatecenter.sk\/?page_id=1198","name":"Blog - Finportal Corporate Center","isPartOf":{"@id":"https:\/\/www.finportalcorporatecenter.sk\/#website"},"datePublished":"2024-12-16T17:39:39+00:00","dateModified":"2025-03-29T07:44:21+00:00","breadcrumb":{"@id":"https:\/\/www.finportalcorporatecenter.sk\/?page_id=1198#breadcrumb"},"inLanguage":"sk-SK","potentialAction":[{"@type":"ReadAction","target":["https:\/\/www.finportalcorporatecenter.sk\/?page_id=1198"]}]},{"@type":"BreadcrumbList","@id":"https:\/\/www.finportalcorporatecenter.sk\/?page_id=1198#breadcrumb","itemListElement":[{"@type":"ListItem","position":1,"name":"Home","item":"https:\/\/www.finportalcorporatecenter.sk\/"},{"@type":"ListItem","position":2,"name":"Blog"}]},{"@type":"WebSite","@id":"https:\/\/www.finportalcorporatecenter.sk\/#website","url":"https:\/\/www.finportalcorporatecenter.sk\/","name":"Finportal Corporate Center","description":"","publisher":{"@id":"https:\/\/www.finportalcorporatecenter.sk\/#organization"},"potentialAction":[{"@type":"SearchAction","target":{"@type":"EntryPoint","urlTemplate":"https:\/\/www.finportalcorporatecenter.sk\/?s={search_term_string}"},"query-input":{"@type":"PropertyValueSpecification","valueRequired":true,"valueName":"search_term_string"}}],"inLanguage":"sk-SK"},{"@type":"Organization","@id":"https:\/\/www.finportalcorporatecenter.sk\/#organization","name":"Finportal Corporate Center","url":"https:\/\/www.finportalcorporatecenter.sk\/","logo":{"@type":"ImageObject","inLanguage":"sk-SK","@id":"https:\/\/www.finportalcorporatecenter.sk\/#\/schema\/logo\/image\/","url":"https:\/\/www.finportalcorporatecenter.sk\/wp-content\/uploads\/2024\/12\/Logo.png","contentUrl":"https:\/\/www.finportalcorporatecenter.sk\/wp-content\/uploads\/2024\/12\/Logo.png","width":614,"height":189,"caption":"Finportal Corporate Center"},"image":{"@id":"https:\/\/www.finportalcorporatecenter.sk\/#\/schema\/logo\/image\/"}}]}},"_links":{"self":[{"href":"https:\/\/www.finportalcorporatecenter.sk\/index.php?rest_route=\/wp\/v2\/pages\/1198","targetHints":{"allow":["GET"]}}],"collection":[{"href":"https:\/\/www.finportalcorporatecenter.sk\/index.php?rest_route=\/wp\/v2\/pages"}],"about":[{"href":"https:\/\/www.finportalcorporatecenter.sk\/index.php?rest_route=\/wp\/v2\/types\/page"}],"author":[{"embeddable":true,"href":"https:\/\/www.finportalcorporatecenter.sk\/index.php?rest_route=\/wp\/v2\/users\/1"}],"replies":[{"embeddable":true,"href":"https:\/\/www.finportalcorporatecenter.sk\/index.php?rest_route=%2Fwp%2Fv2%2Fcomments&post=1198"}],"version-history":[{"count":6,"href":"https:\/\/www.finportalcorporatecenter.sk\/index.php?rest_route=\/wp\/v2\/pages\/1198\/revisions"}],"predecessor-version":[{"id":2074,"href":"https:\/\/www.finportalcorporatecenter.sk\/index.php?rest_route=\/wp\/v2\/pages\/1198\/revisions\/2074"}],"wp:attachment":[{"href":"https:\/\/www.finportalcorporatecenter.sk\/index.php?rest_route=%2Fwp%2Fv2%2Fmedia&parent=1198"}],"curies":[{"name":"wp","href":"https:\/\/api.w.org\/{rel}","templated":true}]}}