{"id":2136,"date":"2025-05-22T13:11:14","date_gmt":"2025-05-22T11:11:14","guid":{"rendered":"https:\/\/www.finportalcorporatecenter.sk\/?page_id=2136"},"modified":"2025-05-22T13:13:06","modified_gmt":"2025-05-22T11:13:06","slug":"elementor-2136","status":"publish","type":"page","link":"https:\/\/www.finportalcorporatecenter.sk\/?page_id=2136","title":{"rendered":"Copyright"},"content":{"rendered":"\t\t<div data-elementor-type=\"wp-page\" data-elementor-id=\"2136\" class=\"elementor elementor-2136\" data-elementor-post-type=\"page\">\n\t\t\t\t<div class=\"elementor-element elementor-element-5e09014 e-flex e-con-boxed e-con e-parent\" data-id=\"5e09014\" data-element_type=\"container\">\n\t\t\t\t\t<div class=\"e-con-inner\">\n\t\t\t\t<div class=\"elementor-element elementor-element-f1e3a1e elementor-widget elementor-widget-html\" data-id=\"f1e3a1e\" data-element_type=\"widget\" data-widget_type=\"html.default\">\n\t\t\t\t<div class=\"elementor-widget-container\">\n\t\t\t<h1>\n    Autorsk\u00e9 pr\u00e1va \u2013 Copyright\n<\/h1>\n<p>\nVlastn\u00edkom a prev\u00e1dzkovate\u013eom internetov\u00fdch str\u00e1nok dom\u00e9ny www.finportal.sk, www.najpoistenie.sk a\nwww.finportalcorporatecenter.sk, je spolo\u010dnos\u0165 Finportal, a.s., so s\u00eddlom Pribinova 4, 811 09 Bratislava,\nI\u010cO: 45 469 156, spolo\u010dnos\u0165 zap\u00edsan\u00e1 v Obchodnom registri Mestsk\u00e9ho s\u00fadu Bratislava III, Oddiel: Sa,\nVlo\u017eka \u010d\u00edslo: 5025\/B (\u010falej len \u201ePrev\u00e1dzkovate\u013e\u201c).\n<\/p>\n<h2>V\u0161etky pr\u00e1va vyhraden\u00e9<\/h2>\n<p>Pokia\u013e nie je uveden\u00e9 inak, autorsk\u00e9 pr\u00e1va k jednotliv\u00fdm internetov\u00fdm str\u00e1nkam dom\u00e9ny www.finportal.sk,\nwww.najpoistenie.sk a www.finportalcorporatecenter.sk, (\u010falej len \u201eStr\u00e1nky\u201c), k ich obsahu, sp\u00f4sobu\nvizu\u00e1lneho zobrazenia str\u00e1nok, k inform\u00e1ci\u00e1m a materi\u00e1lom na nich uveden\u00fdch a k ich logick\u00e9mu, grafic-\nk\u00e9mu sp\u00f4sobu usporiadania, s\u00fa majetkom spolo\u010dnosti Finportal, a.s.<\/p>\n<p>Komplexn\u00fd obsah str\u00e1nok (\u010falej len \u201eObsah\u201c) vr\u00e1tane textu, web dizajnu, grafick\u00e9ho rozlo\u017eenia a \u0161trukt\u00fary\nStr\u00e1nok (layout), technick\u00fdch n\u00e1\u010drtov, vyobrazenia a usporiadania s\u00faborov, doporu\u010denia u\u017e\u00edvate\u013eom\nStr\u00e1nok a klientom spolo\u010dnosti Finportal, a.s., obsahu a \u0161trukt\u00fary servisn\u00fdch emailov, ktor\u00e9 s\u00fa klientom\nzasielan\u00e9 syst\u00e9mom spolo\u010dnosti Finportal, a.s., s\u00fa chr\u00e1nen\u00e9 autorsk\u00fdm pr\u00e1vom.<\/p>\n<p>Obsah Str\u00e1nok je mo\u017en\u00e9 pou\u017e\u00edva\u0165 v\u00fdhradne pre osobn\u00e9 a nekomer\u010dn\u00e9 \u00fa\u010dely \u2013 t\u00fdm sa mysl\u00ed predov\u0161etk\u00fdm\nto, \u017ee str\u00e1nky ani obsah nie je mo\u017en\u00e9 pou\u017e\u00edva\u0165 na zjedn\u00e1vanie poistenia in\u00fdm subjektom podnikaj\u00facim\npod\u013ea z\u00e1kona \u010d. 186\/2009 Z. z. o finan\u010dnom sprostredkovan\u00ed a finan\u010dnom poradenstve a o zmene a dopl-\nnen\u00ed niektor\u00fdch z\u00e1konov v znen\u00ed neskor\u0161\u00edch predpisov. Pou\u017eitie obsahu v takejto s\u00favislosti bude pova\u017eova-\nn\u00e9 za po\u0161kodzovanie prev\u00e1dzkovate\u013ea. Prev\u00e1dzkovate\u013e sa v takom pr\u00edpade bude dom\u00e1ha\u0165 svojich pr\u00e1v\nv\u0161etk\u00fdmi dostupn\u00fdmi pr\u00e1vnymi prostriedkami.<\/p>\n<p>Obsah a ak\u00fako\u013evek \u010das\u0165 Str\u00e1nok nie je mo\u017en\u00e9 uchov\u00e1va\u0165, modifikova\u0165 alebo \u0161\u00edri\u0165 bez v\u00fdslovn\u00e9ho a p\u00edsom-\nn\u00e9ho s\u00fahlasu Prev\u00e1dzkovate\u013ea. V\u0161etky log\u00e1 pou\u017eit\u00e9 na Str\u00e1nkach s\u00fa registrovan\u00e9 pr\u00edslu\u0161n\u00fdmi subjektmi.\nAk\u00e1ko\u013evek \u010das\u0165 Str\u00e1nok alebo \u010das\u0165 Obsahu (vr\u00e1tane zdrojov\u00e9ho k\u00f3du pou\u017eit\u00e9ho v prezenta\u010dnej vrstve\nStr\u00e1nok, t.j. zdrojov\u00fd k\u00f3d Str\u00e1nok vo form\u00e1te HTML), nesmie by\u0165 skop\u00edrovan\u00e1 elektronick\u00fdm, mechanick\u00fdm\na ani \u017eiadnym in\u00fdm sp\u00f4sobom za \u00fa\u010delom spr\u00edstupnenia takejto \u010dasti Str\u00e1nok alebo Obsahu verejnosti bez\npredch\u00e1dzaj\u00faceho p\u00edsomn\u00e9ho povolenia dr\u017eite\u013ea pr\u00edslu\u0161n\u00fdch autorsk\u00fdch pr\u00e1v.<\/p>\n<h2>Zodpovednos\u0165 Prev\u00e1dzkovate\u013ea za u\u017e\u00edvanie Str\u00e1nok klientom spolo\u010dnosti Finportal, a.s.<\/h2>\n<p>V\u0161etky inform\u00e1cie a Obsah na Str\u00e1nkach s\u00fa poskytovan\u00e9 pri najlep\u0161om vedom\u00ed a svedom\u00ed Prev\u00e1dzkovate\u013ea.\nPrev\u00e1dzkovate\u013e nezodpoved\u00e1 za ak\u00e9ko\u013evek hmotn\u00e9 \u010di nehmotn\u00e9 \u0161kody vzniknut\u00e9 v s\u00favislosti s u\u017eit\u00edm \u010di\nzneu\u017eit\u00edm inform\u00e1ci\u00ed zverejnen\u00fdch na Str\u00e1nkach. Spolo\u010dnos\u0165 Finportal, a.s. nenesie vo\u010di inej strane\nzodpovednos\u0165 za priame, nepriame, mimoriadne alebo in\u00e9 n\u00e1sledn\u00e9 \u0161kody, sp\u00f4soben\u00e9 pou\u017eit\u00edm inform\u00e1ci\u00ed\nz jej vlastn\u00fdch alebo odkazovan\u00fdch webov\u00fdch str\u00e1nok, vr\u00e1tane (ale nie v\u00fdhradne) u\u0161l\u00e9ho zisku, vynalo\u017ee-\nn\u00fdch n\u00e1kladov, preru\u0161enia \u010dinnosti a \u010fal\u0161\u00edch \u0161k\u00f4d. Spolo\u010dnos\u0165 Finportal, a.s. upozor\u0148uje, \u017ee inform\u00e1cie na\nStr\u00e1nkach m\u00f4\u017eu by\u0165 z \u010dasti preberan\u00e9 od tret\u00edch str\u00e1n, m\u00f4\u017eu preto obsahova\u0165 vecn\u00e9 a technick\u00e9\nnepresnosti, \u010di typografick\u00e9 chyby a m\u00f4\u017eu by\u0165 aktualizovan\u00e9 bez predch\u00e1dzaj\u00faceho upozornenia.\nPrev\u00e1dzkovate\u013e odmieta zodpovednos\u0165, ak pri n\u00e1v\u0161teve str\u00e1nok pou\u017e\u00edvate\u013eom bol po\u010d\u00edta\u010d pou\u017e\u00edvate\u013ea\nnainfikovan\u00fd v\u00edrusom, tr\u00f3jskym ko\u0148om, alebo in\u00fdm potenci\u00e1lne nebezpe\u010dn\u00fdm obsahom.<\/p>\n<h2>Pr\u00e1vo zmeny Str\u00e1nok<\/h2>\n<p>Prev\u00e1dzkovate\u013e si vyhradzuje pr\u00e1vo Str\u00e1nky a Obsah upravova\u0165 \u010di meni\u0165 bez predch\u00e1dzaj\u00faceho upozor-\nnenia.<\/p>\n<h2>Odkazy na \u010fal\u0161ie str\u00e1nky<\/h2>\n<p>Kliknut\u00edm na in\u00e9 odkazy uveden\u00e9 na str\u00e1nkach www.finportal.sk, www.najpoistenie.sk a\nwww.finportalcorporatecenter.sk, je mo\u017en\u00e9 Str\u00e1nky opusti\u0165. Str\u00e1nky in\u00fdch subjektov, na ktor\u00e9 odkazuj\u00fa\nStr\u00e1nky Prev\u00e1dzkovate\u013ea, nie s\u00fa Str\u00e1nkami Prev\u00e1dzkovate\u013ea, ale s\u00fa prev\u00e1dzkovan\u00e9 in\u00fdmi subjektami.\nPrev\u00e1dzkovate\u013e nezodpoved\u00e1 za ich obsah \u010di inform\u00e1cie v nich uveden\u00e9.<\/p>\n<h2>Tla\u010d<\/h2>\n<p>Klient spolo\u010dnosti Finportal, a.s. m\u00e1 po dojednan\u00ed ktor\u00e9hoko\u013evek produktu cez str\u00e1nku www.finportal.sk,\nwww.najpoistenie.sk a www.finportalcorporatecenter.sk, k dispoz\u00edcii tla\u010d v\u0161etk\u00fdch potrebn\u00fdch\ndokumentov. Str\u00e1nky maj\u00fa vlastn\u00fd tla\u010dov\u00fd \u0161t\u00fdl a je ich tak mo\u017en\u00e9 bez ak\u00fdchko\u013evek \u00faprav priamo vytla\u010di\u0165.<\/p>\t\t<\/div>\n\t\t\t\t<\/div>\n\t\t\t\t\t<\/div>\n\t\t\t\t<\/div>\n\t\t\t\t<\/div>\n\t\t","protected":false},"excerpt":{"rendered":"<p>Autorsk\u00e9 pr\u00e1va \u2013 Copyright Vlastn\u00edkom a prev\u00e1dzkovate\u013eom internetov\u00fdch str\u00e1nok dom\u00e9ny www.finportal.sk, www.najpoistenie.sk a www.finportalcorporatecenter.sk, je spolo\u010dnos\u0165 Finportal, a.s., so s\u00eddlom Pribinova 4, 811 09 Bratislava, I\u010cO: 45 469 156, spolo\u010dnos\u0165 zap\u00edsan\u00e1 v Obchodnom registri Mestsk\u00e9ho s\u00fadu Bratislava III, Oddiel: Sa, Vlo\u017eka \u010d\u00edslo: 5025\/B (\u010falej len \u201ePrev\u00e1dzkovate\u013e\u201c). V\u0161etky pr\u00e1va vyhraden\u00e9 Pokia\u013e nie je uveden\u00e9 inak, autorsk\u00e9 [&hellip;]<\/p>\n","protected":false},"author":2,"featured_media":0,"parent":0,"menu_order":0,"comment_status":"closed","ping_status":"closed","template":"","meta":{"_monsterinsights_skip_tracking":false,"_monsterinsights_sitenote_active":false,"_monsterinsights_sitenote_note":"","_monsterinsights_sitenote_category":0,"_ti_tpc_template_sync":false,"_ti_tpc_template_id":"","footnotes":""},"class_list":["post-2136","page","type-page","status-publish","hentry"],"yoast_head":"<!-- This site is optimized with the Yoast SEO plugin v23.9 - https:\/\/yoast.com\/wordpress\/plugins\/seo\/ -->\n<title>Copyright - Finportal Corporate Center<\/title>\n<meta name=\"robots\" content=\"noindex, follow, max-snippet:-1, max-image-preview:large, max-video-preview:-1\" \/>\n<meta property=\"og:locale\" content=\"sk_SK\" \/>\n<meta property=\"og:type\" content=\"article\" \/>\n<meta property=\"og:title\" content=\"Copyright - Finportal Corporate Center\" \/>\n<meta property=\"og:description\" content=\"Autorsk\u00e9 pr\u00e1va \u2013 Copyright Vlastn\u00edkom a prev\u00e1dzkovate\u013eom internetov\u00fdch str\u00e1nok dom\u00e9ny www.finportal.sk, www.najpoistenie.sk a www.finportalcorporatecenter.sk, je spolo\u010dnos\u0165 Finportal, a.s., so s\u00eddlom Pribinova 4, 811 09 Bratislava, I\u010cO: 45 469 156, spolo\u010dnos\u0165 zap\u00edsan\u00e1 v Obchodnom registri Mestsk\u00e9ho s\u00fadu Bratislava III, Oddiel: Sa, Vlo\u017eka \u010d\u00edslo: 5025\/B (\u010falej len \u201ePrev\u00e1dzkovate\u013e\u201c). V\u0161etky pr\u00e1va vyhraden\u00e9 Pokia\u013e nie je uveden\u00e9 inak, autorsk\u00e9 [&hellip;]\" \/>\n<meta property=\"og:url\" content=\"https:\/\/www.finportalcorporatecenter.sk\/?page_id=2136\" \/>\n<meta property=\"og:site_name\" content=\"Finportal Corporate Center\" \/>\n<meta property=\"article:modified_time\" content=\"2025-05-22T11:13:06+00:00\" \/>\n<meta name=\"twitter:card\" content=\"summary_large_image\" \/>\n<meta name=\"twitter:label1\" content=\"Predpokladan\u00fd \u010das \u010d\u00edtania\" \/>\n\t<meta name=\"twitter:data1\" content=\"3 min\u00faty\" \/>\n<script type=\"application\/ld+json\" class=\"yoast-schema-graph\">{\"@context\":\"https:\/\/schema.org\",\"@graph\":[{\"@type\":\"WebPage\",\"@id\":\"https:\/\/www.finportalcorporatecenter.sk\/?page_id=2136\",\"url\":\"https:\/\/www.finportalcorporatecenter.sk\/?page_id=2136\",\"name\":\"Copyright - Finportal Corporate Center\",\"isPartOf\":{\"@id\":\"https:\/\/www.finportalcorporatecenter.sk\/#website\"},\"datePublished\":\"2025-05-22T11:11:14+00:00\",\"dateModified\":\"2025-05-22T11:13:06+00:00\",\"breadcrumb\":{\"@id\":\"https:\/\/www.finportalcorporatecenter.sk\/?page_id=2136#breadcrumb\"},\"inLanguage\":\"sk-SK\",\"potentialAction\":[{\"@type\":\"ReadAction\",\"target\":[\"https:\/\/www.finportalcorporatecenter.sk\/?page_id=2136\"]}]},{\"@type\":\"BreadcrumbList\",\"@id\":\"https:\/\/www.finportalcorporatecenter.sk\/?page_id=2136#breadcrumb\",\"itemListElement\":[{\"@type\":\"ListItem\",\"position\":1,\"name\":\"Home\",\"item\":\"https:\/\/www.finportalcorporatecenter.sk\/\"},{\"@type\":\"ListItem\",\"position\":2,\"name\":\"Copyright\"}]},{\"@type\":\"WebSite\",\"@id\":\"https:\/\/www.finportalcorporatecenter.sk\/#website\",\"url\":\"https:\/\/www.finportalcorporatecenter.sk\/\",\"name\":\"Finportal Corporate Center\",\"description\":\"\",\"publisher\":{\"@id\":\"https:\/\/www.finportalcorporatecenter.sk\/#organization\"},\"potentialAction\":[{\"@type\":\"SearchAction\",\"target\":{\"@type\":\"EntryPoint\",\"urlTemplate\":\"https:\/\/www.finportalcorporatecenter.sk\/?s={search_term_string}\"},\"query-input\":{\"@type\":\"PropertyValueSpecification\",\"valueRequired\":true,\"valueName\":\"search_term_string\"}}],\"inLanguage\":\"sk-SK\"},{\"@type\":\"Organization\",\"@id\":\"https:\/\/www.finportalcorporatecenter.sk\/#organization\",\"name\":\"Finportal Corporate Center\",\"url\":\"https:\/\/www.finportalcorporatecenter.sk\/\",\"logo\":{\"@type\":\"ImageObject\",\"inLanguage\":\"sk-SK\",\"@id\":\"https:\/\/www.finportalcorporatecenter.sk\/#\/schema\/logo\/image\/\",\"url\":\"https:\/\/www.finportalcorporatecenter.sk\/wp-content\/uploads\/2024\/12\/Logo.png\",\"contentUrl\":\"https:\/\/www.finportalcorporatecenter.sk\/wp-content\/uploads\/2024\/12\/Logo.png\",\"width\":614,\"height\":189,\"caption\":\"Finportal Corporate Center\"},\"image\":{\"@id\":\"https:\/\/www.finportalcorporatecenter.sk\/#\/schema\/logo\/image\/\"}}]}<\/script>\n<!-- \/ Yoast SEO plugin. -->","yoast_head_json":{"title":"Copyright - Finportal Corporate Center","robots":{"index":"noindex","follow":"follow","max-snippet":"max-snippet:-1","max-image-preview":"max-image-preview:large","max-video-preview":"max-video-preview:-1"},"og_locale":"sk_SK","og_type":"article","og_title":"Copyright - Finportal Corporate Center","og_description":"Autorsk\u00e9 pr\u00e1va \u2013 Copyright Vlastn\u00edkom a prev\u00e1dzkovate\u013eom internetov\u00fdch str\u00e1nok dom\u00e9ny www.finportal.sk, www.najpoistenie.sk a www.finportalcorporatecenter.sk, je spolo\u010dnos\u0165 Finportal, a.s., so s\u00eddlom Pribinova 4, 811 09 Bratislava, I\u010cO: 45 469 156, spolo\u010dnos\u0165 zap\u00edsan\u00e1 v Obchodnom registri Mestsk\u00e9ho s\u00fadu Bratislava III, Oddiel: Sa, Vlo\u017eka \u010d\u00edslo: 5025\/B (\u010falej len \u201ePrev\u00e1dzkovate\u013e\u201c). V\u0161etky pr\u00e1va vyhraden\u00e9 Pokia\u013e nie je uveden\u00e9 inak, autorsk\u00e9 [&hellip;]","og_url":"https:\/\/www.finportalcorporatecenter.sk\/?page_id=2136","og_site_name":"Finportal Corporate Center","article_modified_time":"2025-05-22T11:13:06+00:00","twitter_card":"summary_large_image","twitter_misc":{"Predpokladan\u00fd \u010das \u010d\u00edtania":"3 min\u00faty"},"schema":{"@context":"https:\/\/schema.org","@graph":[{"@type":"WebPage","@id":"https:\/\/www.finportalcorporatecenter.sk\/?page_id=2136","url":"https:\/\/www.finportalcorporatecenter.sk\/?page_id=2136","name":"Copyright - Finportal Corporate Center","isPartOf":{"@id":"https:\/\/www.finportalcorporatecenter.sk\/#website"},"datePublished":"2025-05-22T11:11:14+00:00","dateModified":"2025-05-22T11:13:06+00:00","breadcrumb":{"@id":"https:\/\/www.finportalcorporatecenter.sk\/?page_id=2136#breadcrumb"},"inLanguage":"sk-SK","potentialAction":[{"@type":"ReadAction","target":["https:\/\/www.finportalcorporatecenter.sk\/?page_id=2136"]}]},{"@type":"BreadcrumbList","@id":"https:\/\/www.finportalcorporatecenter.sk\/?page_id=2136#breadcrumb","itemListElement":[{"@type":"ListItem","position":1,"name":"Home","item":"https:\/\/www.finportalcorporatecenter.sk\/"},{"@type":"ListItem","position":2,"name":"Copyright"}]},{"@type":"WebSite","@id":"https:\/\/www.finportalcorporatecenter.sk\/#website","url":"https:\/\/www.finportalcorporatecenter.sk\/","name":"Finportal Corporate Center","description":"","publisher":{"@id":"https:\/\/www.finportalcorporatecenter.sk\/#organization"},"potentialAction":[{"@type":"SearchAction","target":{"@type":"EntryPoint","urlTemplate":"https:\/\/www.finportalcorporatecenter.sk\/?s={search_term_string}"},"query-input":{"@type":"PropertyValueSpecification","valueRequired":true,"valueName":"search_term_string"}}],"inLanguage":"sk-SK"},{"@type":"Organization","@id":"https:\/\/www.finportalcorporatecenter.sk\/#organization","name":"Finportal Corporate Center","url":"https:\/\/www.finportalcorporatecenter.sk\/","logo":{"@type":"ImageObject","inLanguage":"sk-SK","@id":"https:\/\/www.finportalcorporatecenter.sk\/#\/schema\/logo\/image\/","url":"https:\/\/www.finportalcorporatecenter.sk\/wp-content\/uploads\/2024\/12\/Logo.png","contentUrl":"https:\/\/www.finportalcorporatecenter.sk\/wp-content\/uploads\/2024\/12\/Logo.png","width":614,"height":189,"caption":"Finportal Corporate Center"},"image":{"@id":"https:\/\/www.finportalcorporatecenter.sk\/#\/schema\/logo\/image\/"}}]}},"_links":{"self":[{"href":"https:\/\/www.finportalcorporatecenter.sk\/index.php?rest_route=\/wp\/v2\/pages\/2136","targetHints":{"allow":["GET"]}}],"collection":[{"href":"https:\/\/www.finportalcorporatecenter.sk\/index.php?rest_route=\/wp\/v2\/pages"}],"about":[{"href":"https:\/\/www.finportalcorporatecenter.sk\/index.php?rest_route=\/wp\/v2\/types\/page"}],"author":[{"embeddable":true,"href":"https:\/\/www.finportalcorporatecenter.sk\/index.php?rest_route=\/wp\/v2\/users\/2"}],"replies":[{"embeddable":true,"href":"https:\/\/www.finportalcorporatecenter.sk\/index.php?rest_route=%2Fwp%2Fv2%2Fcomments&post=2136"}],"version-history":[{"count":6,"href":"https:\/\/www.finportalcorporatecenter.sk\/index.php?rest_route=\/wp\/v2\/pages\/2136\/revisions"}],"predecessor-version":[{"id":2142,"href":"https:\/\/www.finportalcorporatecenter.sk\/index.php?rest_route=\/wp\/v2\/pages\/2136\/revisions\/2142"}],"wp:attachment":[{"href":"https:\/\/www.finportalcorporatecenter.sk\/index.php?rest_route=%2Fwp%2Fv2%2Fmedia&parent=2136"}],"curies":[{"name":"wp","href":"https:\/\/api.w.org\/{rel}","templated":true}]}}